{"id":3210,"date":"2017-01-26T11:25:34","date_gmt":"2017-01-26T10:25:34","guid":{"rendered":"http:\/\/www.csdz.cz\/?page_id=3210"},"modified":"2026-01-11T12:23:30","modified_gmt":"2026-01-11T12:23:30","slug":"dokumenty-ke-stazeni","status":"publish","type":"page","link":"https:\/\/design.csdz.cz\/design\/dokumenty-ke-stazeni","title":{"rendered":"KE STA\u017dEN\u00cd"},"content":{"rendered":"<div class=\"wpb-content-wrapper\"><p>[vc_row][vc_column]<header class=\"thememount-heading-wrapper thememount-heading-wrapper-align-center\"><div class=\"thememount-heading-wrapper-inner\"><h1 class=\"thememount-heading-align-center\"><span>KE STA\u017dEN\u00cd<\/span><\/h1><\/div><\/header>[vc_images_carousel images=&#8220;4634,4635,4636,4637,4601&#8243; img_size=&#8220;1920x&#8220; autoplay=&#8220;yes&#8220; wrap=&#8220;yes&#8220; css=&#8220;&#8220;][vc_column_text css=&#8220;&#8220;]<\/p>\n<h3><span style=\"color: #333333;\">Zde si m\u016f\u017eete st\u00e1hnout proklikem na\u0161e z\u00e1kladn\u00ed dokumenty:<\/span><\/h3>\n<p>&nbsp;<\/p>\n<h4><span style=\"color: #00ccff;\"><a style=\"color: #00ccff;\" href=\"https:\/\/www.dropbox.com\/s\/j7pplozstuzoq0i\/CSDZ_stanovy.pdf?dl=0\" target=\"_blank\" rel=\"noopener\">Stanovy \u010cSDZ<\/a><\/span><\/h4>\n<h4><span style=\"color: #00ccff;\"><a style=\"color: #00ccff;\" href=\"https:\/\/www.dropbox.com\/s\/7u8n6mxskkj0vh7\/Vyrocni%20zprava%202016.pdf?dl=0\" target=\"_blank\" rel=\"noopener\">V\u00fdro\u010dn\u00ed zpr\u00e1va 2016<\/a><\/span><\/h4>\n<h4><span style=\"color: #00ccff;\"><a style=\"color: #00ccff;\" href=\"https:\/\/www.dropbox.com\/s\/0igcurjlathyj1i\/V%C3%BDro%C4%8Dn%C3%AD%20zpr%C3%A1va%202015.pdf?dl=0\" target=\"_blank\" rel=\"noopener\">V\u00fdro\u010dn\u00ed zpr\u00e1va 2015<\/a><\/span><\/h4>\n<h4><span style=\"color: #00ccff;\"><a style=\"color: #00ccff;\" href=\"https:\/\/www.dropbox.com\/s\/dw9nidzs2ylbjmy\/z%C3%A1pis%20ze%20zased%C3%A1n%C3%AD%20valn%C3%A9%20hromady.pdf?dl=0\" target=\"_blank\" rel=\"noopener\">Z\u00e1pis ze zased\u00e1n\u00ed valn\u00e9 hromady<\/a><\/span><\/h4>\n<h4>&nbsp;<span style=\"color: #00ccff;\"><a style=\"color: #00ccff;\" href=\"https:\/\/www.dropbox.com\/s\/ujmrxjgsu70vx51\/z%C3%A1pis%20ze%20zased%C3%A1n%C3%AD%20valn%C3%A9%20hromady%202017.pdf?dl=0\" target=\"_blank\" rel=\"noopener\">Z\u00e1pis ze zased\u00e1n\u00ed valn\u00e9 hromady 2017<\/a><\/span><\/h4>\n<h4><strong><span style=\"color: #00ccff;\"><a style=\"color: #00ccff;\" href=\"https:\/\/www.dropbox.com\/s\/6io01qvzbbsllou\/V%C3%BDro%C4%8Dn%C3%AD%20zpr%C3%A1va%202017.pdf?dl=0\" target=\"_blank\" rel=\"noopener\">V\u00fdro\u010dn\u00ed zpr\u00e1va 2017<\/a><\/span><\/strong><\/h4>\n<p>&nbsp;<\/p>\n<p>&nbsp;<\/p>\n<p>&nbsp;<\/p>\n<h3><span style=\"color: #333333;\">V\u00fdro\u010dn\u00ed zpr\u00e1vy a dal\u0161\u00ed informace v n\u00e1sleduj\u00edc\u00edch letech jsou k dohled\u00e1n\u00ed v obchodn\u00edm rejst\u0159\u00edku M\u011bstsk\u00e9ho soudu v Praze. <\/span><\/h3>\n<p>\u010cSDZ m\u00e1 od roku 2007 registrovanou soci\u00e1ln\u00ed slu\u017ebu podle \u00a766 z\u00e1kona 108\/2006 Sb., o soci\u00e1ln\u00edch slu\u017eb\u00e1ch (registra\u010dn\u00ed \u010d\u00edslo 4506418). Poskytuje psychosoci\u00e1ln\u00ed slu\u017eby pro du\u0161evn\u011b nemocn\u00e9 ob\u010dany a lidi v z\u00e1va\u017en\u00e9 psychick\u00e9 krizi.<\/p>\n<p>U\u017e p\u0159es 20 let pom\u00e1h\u00e1 lidem, kte\u0159\u00ed se setkali s du\u0161evn\u00edm onemocn\u011bn\u00edm i t\u011bm, kte\u0159\u00ed se dostali do psychick\u00e9 krize nebo za\u017eili stres a vy\u010derp\u00e1n\u00ed. Pomoc spo\u010d\u00edv\u00e1 v poskytov\u00e1n\u00ed slu\u017eeb, jako jsou nap\u0159\u00edklad soci\u00e1ln\u00ed a psychiatrick\u00e1 poradna. Poradny nab\u00edzej\u00ed konkr\u00e9tn\u00ed podporu ve va\u0161\u00ed snaze naj\u00edt pomoc a spole\u010dn\u011b hledat \u0159e\u0161en\u00ed v\u00e1m \u0161it\u00e9 na m\u00edru. Mimo tuto pomoc d\u00e1v\u00e1 prostor pro sd\u00edlen\u00ed zku\u0161enost\u00ed, nab\u00edz\u00ed podp\u016frn\u00e9 setk\u00e1v\u00e1n\u00ed ve skupin\u011b pod veden\u00edm zku\u0161en\u00fdch terapeut\u016f a tak\u00e9 aktivity pro voln\u00fd \u010das. Chce t\u00edm dos\u00e1hnout minimalizace n\u00e1sledk\u016f du\u0161evn\u00edho onemocn\u011bn\u00ed a usnadnit lidem, kte\u0159\u00ed s n\u00e1mi spolupracuj\u00ed, n\u00e1vrat do b\u011b\u017en\u00e9ho \u017eivota.<\/p>\n<p>Slu\u017eby \u010cSDZ jsou v sou\u010dasn\u00e9 dob\u011b financov\u00e1ny p\u0159edev\u0161\u00edm prost\u0159ednictv\u00edm dotac\u00ed\/grant\u016f&nbsp;MPSV, MHMP a M\u010c Praha 3.&nbsp;A nyn\u00ed aktu\u00e1ln\u011b prost\u0159ednictv\u00edm Norsk\u00fdch fond\u016f.&nbsp;Klient\u016fm jsou poskytov\u00e1ny bezplatn\u011b.<br \/>\nJsme v\u0161ak velmi vd\u011b\u010dni za jakoukoliv sponzorskou v\u00fdpomoc.[\/vc_column_text][\/vc_column][\/vc_row]<\/p>\n<\/div>","protected":false},"excerpt":{"rendered":"<p>[vc_row][vc_column][vc_images_carousel images=&#8220;4634,4635,4636,4637,4601&#8243; img_size=&#8220;1920x&#8220; autoplay=&#8220;yes&#8220; wrap=&#8220;yes&#8220; css=&#8220;&#8220;][vc_column_text css=&#8220;&#8220;] Zde si m\u016f\u017eete st\u00e1hnout proklikem na\u0161e z\u00e1kladn\u00ed dokumenty: &nbsp; Stanovy \u010cSDZ V\u00fdro\u010dn\u00ed zpr\u00e1va 2016 V\u00fdro\u010dn\u00ed zpr\u00e1va 2015 Z\u00e1pis ze zased\u00e1n\u00ed valn\u00e9 hromady &nbsp;Z\u00e1pis ze zased\u00e1n\u00ed valn\u00e9 hromady 2017 V\u00fdro\u010dn\u00ed zpr\u00e1va 2017 &nbsp; &nbsp; &nbsp; V\u00fdro\u010dn\u00ed zpr\u00e1vy a dal\u0161\u00ed informace v n\u00e1sleduj\u00edc\u00edch letech jsou k dohled\u00e1n\u00ed v obchodn\u00edm rejst\u0159\u00edku [&hellip;]<\/p>\n","protected":false},"author":1,"featured_media":0,"parent":0,"menu_order":5,"comment_status":"closed","ping_status":"closed","template":"","meta":{"footnotes":""},"class_list":["post-3210","page","type-page","status-publish","hentry"],"_links":{"self":[{"href":"https:\/\/design.csdz.cz\/design\/wp-json\/wp\/v2\/pages\/3210","targetHints":{"allow":["GET"]}}],"collection":[{"href":"https:\/\/design.csdz.cz\/design\/wp-json\/wp\/v2\/pages"}],"about":[{"href":"https:\/\/design.csdz.cz\/design\/wp-json\/wp\/v2\/types\/page"}],"author":[{"embeddable":true,"href":"https:\/\/design.csdz.cz\/design\/wp-json\/wp\/v2\/users\/1"}],"replies":[{"embeddable":true,"href":"https:\/\/design.csdz.cz\/design\/wp-json\/wp\/v2\/comments?post=3210"}],"version-history":[{"count":1,"href":"https:\/\/design.csdz.cz\/design\/wp-json\/wp\/v2\/pages\/3210\/revisions"}],"predecessor-version":[{"id":4638,"href":"https:\/\/design.csdz.cz\/design\/wp-json\/wp\/v2\/pages\/3210\/revisions\/4638"}],"wp:attachment":[{"href":"https:\/\/design.csdz.cz\/design\/wp-json\/wp\/v2\/media?parent=3210"}],"curies":[{"name":"wp","href":"https:\/\/api.w.org\/{rel}","templated":true}]}}