{"id":3,"date":"2026-01-10T16:50:32","date_gmt":"2026-01-10T16:50:32","guid":{"rendered":"https:\/\/design.csdz.cz\/design\/?page_id=3"},"modified":"2026-01-11T19:59:42","modified_gmt":"2026-01-11T19:59:42","slug":"privacy-policy","status":"publish","type":"page","link":"https:\/\/design.csdz.cz\/design\/privacy-policy","title":{"rendered":"Z\u00e1sady ochrany osobn\u00edch \u00fadaj\u016f (Privacy Policy)"},"content":{"rendered":"<div class=\"wpb-content-wrapper\"><p>[vc_row][vc_column][vc_column_text css=&#8220;&#8220;]<\/p>\r\n<h2 class=\"wp-block-heading\"><strong>1. Spr\u00e1vce osobn\u00edch \u00fadaj\u016f<\/strong><\/h2>\r\n<!-- \/wp:post-content -->\r\n<p><!-- wp:paragraph -->Spr\u00e1vcem osobn\u00edch \u00fadaj\u016f je provozovatel webov\u00fdch str\u00e1nek\u00a0<strong>CSDZ.cz<\/strong><\/p>\r\n<!-- \/wp:paragraph -->\r\n<p><!-- wp:paragraph -->(d\u00e1le jen \u201espr\u00e1vce\u201c).<\/p>\r\n<!-- \/wp:paragraph -->\r\n<p><!-- wp:paragraph -->Spr\u00e1vce zpracov\u00e1v\u00e1 osobn\u00ed \u00fadaje v souladu s platn\u00fdmi pr\u00e1vn\u00edmi p\u0159edpisy, zejm\u00e9na:<\/p>\r\n<!-- \/wp:paragraph -->\r\n<p>&nbsp;<\/p>\r\n<!-- wp:list -->\r\n<ul class=\"wp-block-list\">\r\n<li style=\"list-style-type: none;\">\r\n<ul class=\"wp-block-list\"><!-- wp:list-item -->\r\n<li>na\u0159\u00edzen\u00edm Evropsk\u00e9ho parlamentu a Rady (EU) 2016\/679 (GDPR),<\/li>\r\n<!-- \/wp:list-item -->\r\n\r\n<!-- wp:list-item -->\r\n<li>z\u00e1konem \u010d. 110\/2019 Sb., o zpracov\u00e1n\u00ed osobn\u00edch \u00fadaj\u016f.<\/li>\r\n<\/ul>\r\n<\/li>\r\n<\/ul>\r\n<!-- \/wp:list-item --><!-- \/wp:list -->\r\n<p>&nbsp;<\/p>\r\n<!-- wp:separator --><hr class=\"wp-block-separator has-alpha-channel-opacity\" \/><!-- \/wp:separator -->\r\n<p>&nbsp;<\/p>\r\n<!-- wp:heading -->\r\n<h2 class=\"wp-block-heading\"><strong>2. Jak\u00e9 osobn\u00ed \u00fadaje zpracov\u00e1v\u00e1me<\/strong><\/h2>\r\n<!-- \/wp:heading -->\r\n<p><!-- wp:paragraph -->Zpracov\u00e1v\u00e1me pouze \u00fadaje, kter\u00e9 n\u00e1m sami poskytnete, zejm\u00e9na prost\u0159ednictv\u00edm kontaktn\u00edho formul\u00e1\u0159e:<\/p>\r\n<!-- \/wp:paragraph -->\r\n<p>&nbsp;<\/p>\r\n<!-- wp:list -->\r\n<ul class=\"wp-block-list\">\r\n<li style=\"list-style-type: none;\">\r\n<ul class=\"wp-block-list\"><!-- wp:list-item -->\r\n<li>jm\u00e9no a p\u0159\u00edjmen\u00ed<\/li>\r\n<!-- \/wp:list-item -->\r\n\r\n<!-- wp:list-item -->\r\n<li>e-mailov\u00e1 adresa<\/li>\r\n<!-- \/wp:list-item -->\r\n\r\n<!-- wp:list-item -->\r\n<li>telefonn\u00ed \u010d\u00edslo (pokud je uvedeno)<\/li>\r\n<!-- \/wp:list-item -->\r\n\r\n<!-- wp:list-item -->\r\n<li>obsah zpr\u00e1vy<\/li>\r\n<\/ul>\r\n<\/li>\r\n<\/ul>\r\n<!-- \/wp:list-item --><!-- \/wp:list -->\r\n<p><!-- wp:paragraph -->Web\u00a0<strong>CSDZ.cz<\/strong>\u00a0nen\u00ed ur\u010den k systematick\u00e9mu sb\u011bru citliv\u00fdch osobn\u00edch \u00fadaj\u016f.<\/p>\r\n<!-- \/wp:paragraph -->\r\n<p>&nbsp;<\/p>\r\n<!-- wp:separator --><hr class=\"wp-block-separator has-alpha-channel-opacity\" \/><!-- \/wp:separator -->\r\n<p>&nbsp;<\/p>\r\n<!-- wp:heading -->\r\n<h2 class=\"wp-block-heading\"><strong>3. \u00da\u010del zpracov\u00e1n\u00ed osobn\u00edch \u00fadaj\u016f<\/strong><\/h2>\r\n<!-- \/wp:heading -->\r\n<p><!-- wp:paragraph -->Osobn\u00ed \u00fadaje zpracov\u00e1v\u00e1me za \u00fa\u010delem:<\/p>\r\n<!-- \/wp:paragraph -->\r\n<p>&nbsp;<\/p>\r\n<!-- wp:list -->\r\n<ul class=\"wp-block-list\">\r\n<li style=\"list-style-type: none;\">\r\n<ul class=\"wp-block-list\"><!-- wp:list-item -->\r\n<li>vy\u0159\u00edzen\u00ed dotaz\u016f zaslan\u00fdch prost\u0159ednictv\u00edm kontaktn\u00edho formul\u00e1\u0159e,<\/li>\r\n<!-- \/wp:list-item -->\r\n\r\n<!-- wp:list-item -->\r\n<li>komunikace se z\u00e1jemci o na\u0161e slu\u017eby,<\/li>\r\n<!-- \/wp:list-item -->\r\n\r\n<!-- wp:list-item -->\r\n<li>pln\u011bn\u00ed pr\u00e1vn\u00edch povinnost\u00ed spr\u00e1vce.<\/li>\r\n<\/ul>\r\n<\/li>\r\n<\/ul>\r\n<!-- \/wp:list-item --><!-- \/wp:list -->\r\n<p><!-- wp:paragraph -->Osobn\u00ed \u00fadaje nejsou pou\u017e\u00edv\u00e1ny k automatizovan\u00e9mu rozhodov\u00e1n\u00ed ani profilov\u00e1n\u00ed.<\/p>\r\n<!-- \/wp:paragraph -->\r\n<p>&nbsp;<\/p>\r\n<!-- wp:separator --><hr class=\"wp-block-separator has-alpha-channel-opacity\" \/><!-- \/wp:separator -->\r\n<p>&nbsp;<\/p>\r\n<!-- wp:heading -->\r\n<h2 class=\"wp-block-heading\"><strong>4. Pr\u00e1vn\u00ed z\u00e1klad zpracov\u00e1n\u00ed<\/strong><\/h2>\r\n<!-- \/wp:heading -->\r\n<p><!-- wp:paragraph -->Zpracov\u00e1n\u00ed osobn\u00edch \u00fadaj\u016f je zalo\u017eeno na:<\/p>\r\n<!-- \/wp:paragraph -->\r\n<p>&nbsp;<\/p>\r\n<!-- wp:list -->\r\n<ul class=\"wp-block-list\">\r\n<li style=\"list-style-type: none;\">\r\n<ul class=\"wp-block-list\"><!-- wp:list-item -->\r\n<li>souhlasu subjektu \u00fadaj\u016f (\u010dl. 6 odst. 1 p\u00edsm. a) GDPR),<\/li>\r\n<!-- \/wp:list-item -->\r\n\r\n<!-- wp:list-item -->\r\n<li>opr\u00e1vn\u011bn\u00e9m z\u00e1jmu spr\u00e1vce (\u010dl. 6 odst. 1 p\u00edsm. f) GDPR),<\/li>\r\n<!-- \/wp:list-item -->\r\n\r\n<!-- wp:list-item -->\r\n<li>pln\u011bn\u00ed z\u00e1konn\u00fdch povinnost\u00ed (\u010dl. 6 odst. 1 p\u00edsm. c) GDPR).<\/li>\r\n<\/ul>\r\n<\/li>\r\n<\/ul>\r\n<!-- \/wp:list-item --><!-- \/wp:list -->\r\n<p>&nbsp;<\/p>\r\n<!-- wp:separator --><hr class=\"wp-block-separator has-alpha-channel-opacity\" \/><!-- \/wp:separator -->\r\n<p>&nbsp;<\/p>\r\n<!-- wp:heading -->\r\n<h2 class=\"wp-block-heading\"><strong>5. Doba uchov\u00e1v\u00e1n\u00ed osobn\u00edch \u00fadaj\u016f<\/strong><\/h2>\r\n<!-- \/wp:heading -->\r\n<p><!-- wp:paragraph -->Osobn\u00ed \u00fadaje uchov\u00e1v\u00e1me:<\/p>\r\n<!-- \/wp:paragraph -->\r\n<p>&nbsp;<\/p>\r\n<!-- wp:list -->\r\n<ul class=\"wp-block-list\">\r\n<li style=\"list-style-type: none;\">\r\n<ul class=\"wp-block-list\"><!-- wp:list-item -->\r\n<li>po dobu nezbytn\u011b nutnou k vy\u0159\u00edzen\u00ed dotazu,<\/li>\r\n<!-- \/wp:list-item -->\r\n\r\n<!-- wp:list-item -->\r\n<li>p\u0159\u00edpadn\u011b po dobu stanovenou pr\u00e1vn\u00edmi p\u0159edpisy.<\/li>\r\n<\/ul>\r\n<\/li>\r\n<\/ul>\r\n<!-- \/wp:list-item --><!-- \/wp:list -->\r\n<p><!-- wp:paragraph -->Po uplynut\u00ed t\u00e9to doby jsou osobn\u00ed \u00fadaje bezpe\u010dn\u011b vymaz\u00e1ny.<\/p>\r\n<!-- \/wp:paragraph -->\r\n<p>&nbsp;<\/p>\r\n<!-- wp:separator --><hr class=\"wp-block-separator has-alpha-channel-opacity\" \/><!-- \/wp:separator -->\r\n<p>&nbsp;<\/p>\r\n<!-- wp:heading -->\r\n<h2 class=\"wp-block-heading\"><strong>6. P\u0159\u00edjemci osobn\u00edch \u00fadaj\u016f<\/strong><\/h2>\r\n<!-- \/wp:heading -->\r\n<p><!-- wp:paragraph -->Osobn\u00ed \u00fadaje mohou b\u00fdt zp\u0159\u00edstupn\u011bny pouze:<\/p>\r\n<!-- \/wp:paragraph -->\r\n<p>&nbsp;<\/p>\r\n<!-- wp:list -->\r\n<ul class=\"wp-block-list\">\r\n<li style=\"list-style-type: none;\">\r\n<ul class=\"wp-block-list\"><!-- wp:list-item -->\r\n<li>poskytovatel\u016fm technick\u00e9ho \u0159e\u0161en\u00ed webu a hostingu,<\/li>\r\n<!-- \/wp:list-item -->\r\n\r\n<!-- wp:list-item -->\r\n<li>dal\u0161\u00edm zpracovatel\u016fm, pokud je to nezbytn\u00e9 pro provoz webu.<\/li>\r\n<\/ul>\r\n<\/li>\r\n<\/ul>\r\n<!-- \/wp:list-item --><!-- \/wp:list -->\r\n<p><!-- wp:paragraph -->Osobn\u00ed \u00fadaje\u00a0<strong>nejsou p\u0159ed\u00e1v\u00e1ny mimo EU<\/strong>.<\/p>\r\n<!-- \/wp:paragraph -->\r\n<p>&nbsp;<\/p>\r\n<!-- wp:separator --><hr class=\"wp-block-separator has-alpha-channel-opacity\" \/><!-- \/wp:separator -->\r\n<p>&nbsp;<\/p>\r\n<!-- wp:heading -->\r\n<h2 class=\"wp-block-heading\"><strong>7. Cookies<\/strong><\/h2>\r\n<!-- \/wp:heading -->\r\n<p><!-- wp:paragraph -->Webov\u00e9 str\u00e1nky\u00a0<strong>CSDZ.cz<\/strong>\u00a0mohou pou\u017e\u00edvat technick\u00e9 cookies nezbytn\u00e9 pro spr\u00e1vn\u00e9 fungov\u00e1n\u00ed webu.<\/p>\r\n<!-- \/wp:paragraph -->\r\n<p><!-- wp:paragraph -->Pokud jsou pou\u017e\u00edv\u00e1ny analytick\u00e9 nebo marketingov\u00e9 cookies, jsou aktivov\u00e1ny pouze na z\u00e1klad\u011b souhlasu u\u017eivatele.<\/p>\r\n<!-- \/wp:paragraph -->\r\n<p>&nbsp;<\/p>\r\n<!-- wp:separator --><hr class=\"wp-block-separator has-alpha-channel-opacity\" \/><!-- \/wp:separator -->\r\n<p>&nbsp;<\/p>\r\n<!-- wp:heading -->\r\n<h2 class=\"wp-block-heading\"><strong>8. Pr\u00e1va subjekt\u016f \u00fadaj\u016f<\/strong><\/h2>\r\n<!-- \/wp:heading -->\r\n<p><!-- wp:paragraph -->M\u00e1te pr\u00e1vo:<\/p>\r\n<!-- \/wp:paragraph -->\r\n<p>&nbsp;<\/p>\r\n<!-- wp:list -->\r\n<ul class=\"wp-block-list\">\r\n<li style=\"list-style-type: none;\">\r\n<ul class=\"wp-block-list\"><!-- wp:list-item -->\r\n<li>na p\u0159\u00edstup ke sv\u00fdm osobn\u00edm \u00fadaj\u016fm,<\/li>\r\n<!-- \/wp:list-item -->\r\n\r\n<!-- wp:list-item -->\r\n<li>na opravu nebo v\u00fdmaz osobn\u00edch \u00fadaj\u016f,<\/li>\r\n<!-- \/wp:list-item -->\r\n\r\n<!-- wp:list-item -->\r\n<li>na omezen\u00ed zpracov\u00e1n\u00ed,<\/li>\r\n<!-- \/wp:list-item -->\r\n\r\n<!-- wp:list-item -->\r\n<li>vzn\u00e9st n\u00e1mitku proti zpracov\u00e1n\u00ed,<\/li>\r\n<!-- \/wp:list-item -->\r\n\r\n<!-- wp:list-item -->\r\n<li>podat st\u00ed\u017enost u \u00da\u0159adu pro ochranu osobn\u00edch \u00fadaj\u016f.<\/li>\r\n<\/ul>\r\n<\/li>\r\n<\/ul>\r\n<!-- \/wp:list-item --><!-- \/wp:list -->\r\n<p>&nbsp;<\/p>\r\n<!-- wp:separator --><hr class=\"wp-block-separator has-alpha-channel-opacity\" \/><!-- \/wp:separator -->\r\n<p>&nbsp;<\/p>\r\n<!-- wp:heading -->\r\n<h2 class=\"wp-block-heading\"><strong>9. Kontakt<\/strong><\/h2>\r\n<!-- \/wp:heading -->\r\n<p><!-- wp:paragraph -->V p\u0159\u00edpad\u011b dotaz\u016f t\u00fdkaj\u00edc\u00edch se ochrany osobn\u00edch \u00fadaj\u016f n\u00e1s m\u016f\u017eete kontaktovat prost\u0159ednictv\u00edm kontaktn\u00edho formul\u00e1\u0159e na webu\u00a0<strong>CSDZ.cz<\/strong>.<\/p>\r\n<!-- \/wp:paragraph -->\r\n<p>&nbsp;<\/p>\r\n<!-- wp:separator --><hr class=\"wp-block-separator has-alpha-channel-opacity\" \/><!-- \/wp:separator -->\r\n<p>&nbsp;<\/p>\r\n<!-- wp:heading -->\r\n<h2 class=\"wp-block-heading\"><strong>10. Z\u00e1v\u011bre\u010dn\u00e1 ustanoven\u00ed<\/strong><\/h2>\r\n<!-- \/wp:heading -->\r\n<p><!-- wp:paragraph -->Tyto z\u00e1sady ochrany osobn\u00edch \u00fadaj\u016f jsou platn\u00e9 od\u00a0<strong>1.1.2026<\/strong>\u00a0a mohou b\u00fdt pr\u016fb\u011b\u017en\u011b aktualizov\u00e1ny.<\/p>\r\n<!-- \/wp:paragraph -->\r\n<p><!-- wp:paragraph -->\u00a0<\/p>\r\n<!-- \/wp:paragraph -->\r\n<p>&nbsp;<\/p>\r\n<p>[\/vc_column_text][\/vc_column][\/vc_row]<\/p><\/div>","protected":false},"excerpt":{"rendered":"<p>[vc_row][vc_column][vc_column_text css=&#8220;&#8220;] 1. Spr\u00e1vce osobn\u00edch \u00fadaj\u016f Spr\u00e1vcem osobn\u00edch \u00fadaj\u016f je provozovatel webov\u00fdch str\u00e1nek\u00a0CSDZ.cz (d\u00e1le jen \u201espr\u00e1vce\u201c). Spr\u00e1vce zpracov\u00e1v\u00e1 osobn\u00ed \u00fadaje v souladu s platn\u00fdmi pr\u00e1vn\u00edmi p\u0159edpisy, zejm\u00e9na: &nbsp; na\u0159\u00edzen\u00edm Evropsk\u00e9ho parlamentu a Rady (EU) 2016\/679 (GDPR), z\u00e1konem \u010d. 110\/2019 Sb., o zpracov\u00e1n\u00ed osobn\u00edch \u00fadaj\u016f. &nbsp; &nbsp; 2. Jak\u00e9 osobn\u00ed \u00fadaje zpracov\u00e1v\u00e1me Zpracov\u00e1v\u00e1me pouze \u00fadaje, kter\u00e9 [&hellip;]<\/p>\n","protected":false},"author":1,"featured_media":0,"parent":0,"menu_order":0,"comment_status":"closed","ping_status":"open","template":"","meta":{"footnotes":""},"class_list":["post-3","page","type-page","status-publish","hentry"],"_links":{"self":[{"href":"https:\/\/design.csdz.cz\/design\/wp-json\/wp\/v2\/pages\/3","targetHints":{"allow":["GET"]}}],"collection":[{"href":"https:\/\/design.csdz.cz\/design\/wp-json\/wp\/v2\/pages"}],"about":[{"href":"https:\/\/design.csdz.cz\/design\/wp-json\/wp\/v2\/types\/page"}],"author":[{"embeddable":true,"href":"https:\/\/design.csdz.cz\/design\/wp-json\/wp\/v2\/users\/1"}],"replies":[{"embeddable":true,"href":"https:\/\/design.csdz.cz\/design\/wp-json\/wp\/v2\/comments?post=3"}],"version-history":[{"count":2,"href":"https:\/\/design.csdz.cz\/design\/wp-json\/wp\/v2\/pages\/3\/revisions"}],"predecessor-version":[{"id":4814,"href":"https:\/\/design.csdz.cz\/design\/wp-json\/wp\/v2\/pages\/3\/revisions\/4814"}],"wp:attachment":[{"href":"https:\/\/design.csdz.cz\/design\/wp-json\/wp\/v2\/media?parent=3"}],"curies":[{"name":"wp","href":"https:\/\/api.w.org\/{rel}","templated":true}]}}